{"id":188,"date":"2022-11-17T11:09:27","date_gmt":"2022-11-17T10:09:27","guid":{"rendered":"http:\/\/jkeknct.cluster031.hosting.ovh.net\/oxyria\/?page_id=188"},"modified":"2026-03-18T08:43:45","modified_gmt":"2026-03-18T07:43:45","slug":"188-2","status":"publish","type":"page","link":"https:\/\/oxyria.fr\/index.php\/188-2\/","title":{"rendered":"BOOK ACTIV &#038; OXYRIA"},"content":{"rendered":"\n[et_pb_section fb_built=\u00a0\u00bb1&Prime; admin_label=\u00a0\u00bbStep by Step\u00a0\u00bb _builder_version=\u00a0\u00bb4.19.0&Prime; _module_preset=\u00a0\u00bbdefault\u00a0\u00bb background_color=\u00a0\u00bb#000000&Prime; use_background_color_gradient=\u00a0\u00bbon\u00a0\u00bb background_color_gradient_direction=\u00a0\u00bb90deg\u00a0\u00bb background_color_gradient_stops=\u00a0\u00bb#e95025 0%|gcid-1ebd227f-17a6-4b4b-aae3-34bdf343cf9f 40%|rgba(255,255,255,0) 46%\u00a0\u00bb background_color_gradient_overlays_image=\u00a0\u00bbon\u00a0\u00bb background_image=\u00a0\u00bbhttps:\/\/jkeknct.cluster031.hosting.ovh.net\/oxyria\/wp-content\/uploads\/2022\/12\/bussieres1.jpg\u00a0\u00bb background_pattern_horizontal_offset=\u00a0\u00bb-71%\u00a0\u00bb custom_margin=\u00a0\u00bb||-6px|||\u00a0\u00bb custom_padding=\u00a0\u00bb41px||44px|||\u00a0\u00bb locked=\u00a0\u00bboff\u00a0\u00bb collapsed=\u00a0\u00bbon\u00a0\u00bb global_colors_info=\u00a0\u00bb{%22gcid-1ebd227f-17a6-4b4b-aae3-34bdf343cf9f%22:%91%22background_color_gradient_stops%22,%22background_color_gradient_stops%22%93}\u00a0\u00bb][et_pb_row _builder_version=\u00a0\u00bb4.19.0&Prime; _module_preset=\u00a0\u00bbdefault\u00a0\u00bb background_color=\u00a0\u00bbgcid-f22ce391-07f1-4ce8-a74b-7c09c799a54e\u00a0\u00bb max_width=\u00a0\u00bb700px\u00a0\u00bb custom_padding=\u00a0\u00bb0px||13px||false|false\u00a0\u00bb border_width_all=\u00a0\u00bb1px\u00a0\u00bb border_color_all=\u00a0\u00bb#000000&Prime; border_width_bottom=\u00a0\u00bb0px\u00a0\u00bb box_shadow_style=\u00a0\u00bbpreset4&Prime; box_shadow_horizontal=\u00a0\u00bb0px\u00a0\u00bb box_shadow_vertical=\u00a0\u00bb0px\u00a0\u00bb box_shadow_spread=\u00a0\u00bb20px\u00a0\u00bb box_shadow_color=\u00a0\u00bbgcid-f22ce391-07f1-4ce8-a74b-7c09c799a54e\u00a0\u00bb locked=\u00a0\u00bboff\u00a0\u00bb global_colors_info=\u00a0\u00bb{%22gcid-f22ce391-07f1-4ce8-a74b-7c09c799a54e%22:%91%22background_color%22,%22box_shadow_color%22%93}\u00a0\u00bb][et_pb_column type=\u00a0\u00bb4_4&Prime; _builder_version=\u00a0\u00bb4.19.0&Prime; _module_preset=\u00a0\u00bbdefault\u00a0\u00bb custom_padding=\u00a0\u00bb60px|60px||60px|false|true\u00a0\u00bb custom_padding_tablet=\u00a0\u00bb30px|30px||30px|false|true\u00a0\u00bb custom_padding_phone=\u00a0\u00bb20px|20px||20px|false|true\u00a0\u00bb custom_padding_last_edited=\u00a0\u00bbon|tablet\u00a0\u00bb global_colors_info=\u00a0\u00bb{}\u00a0\u00bb][et_pb_text _builder_version=\u00a0\u00bb4.21.0&Prime; _module_preset=\u00a0\u00bbb327cbe4-b1d5-4b66-ad37-40c8f2f061ba\u00a0\u00bb header_2_font=\u00a0\u00bbCormorant Garamond|700||on|||||\u00a0\u00bb header_2_text_color=\u00a0\u00bb#FFFFFF\u00a0\u00bb header_2_font_size=\u00a0\u00bb48px\u00a0\u00bb header_2_line_height=\u00a0\u00bb1.2em\u00a0\u00bb custom_margin=\u00a0\u00bb-39px|||3px||\u00a0\u00bb custom_padding=\u00a0\u00bb0px|||||\u00a0\u00bb hover_enabled=\u00a0\u00bb0&Prime; header_2_font_size_tablet=\u00a0\u00bb32px\u00a0\u00bb header_2_font_size_phone=\u00a0\u00bb20px\u00a0\u00bb header_2_font_size_last_edited=\u00a0\u00bbon|desktop\u00a0\u00bb global_colors_info=\u00a0\u00bb{}\u00a0\u00bb header_2_letter_spacing=\u00a0\u00bb3px\u00a0\u00bb sticky_enabled=\u00a0\u00bb0&Prime;]<h2>Oxyria synergie<\/h2>[\/et_pb_text][\/et_pb_column][\/et_pb_row][et_pb_row column_structure=\u00a0\u00bb1_4,3_4&Prime; use_custom_gutter=\u00a0\u00bbon\u00a0\u00bb gutter_width=\u00a0\u00bb1&Prime; make_equal=\u00a0\u00bbon\u00a0\u00bb custom_padding_last_edited=\u00a0\u00bbon|tablet\u00a0\u00bb _builder_version=\u00a0\u00bb4.19.0&Prime; _module_preset=\u00a0\u00bbdefault\u00a0\u00bb background_color=\u00a0\u00bbgcid-f22ce391-07f1-4ce8-a74b-7c09c799a54e\u00a0\u00bb max_width=\u00a0\u00bb700px\u00a0\u00bb custom_margin=\u00a0\u00bb|auto|-14px|auto||\u00a0\u00bb custom_padding=\u00a0\u00bb|60px|0px|60px|false|true\u00a0\u00bb custom_padding_tablet=\u00a0\u00bb|30px||30px|false|true\u00a0\u00bb custom_padding_phone=\u00a0\u00bb|20px||20px|false|true\u00a0\u00bb border_color_all=\u00a0\u00bb#000000&Prime; border_width_right=\u00a0\u00bb1px\u00a0\u00bb border_width_left=\u00a0\u00bb1px\u00a0\u00bb box_shadow_style=\u00a0\u00bbpreset4&Prime; box_shadow_horizontal=\u00a0\u00bb0px\u00a0\u00bb box_shadow_vertical=\u00a0\u00bb20px\u00a0\u00bb box_shadow_spread=\u00a0\u00bb20px\u00a0\u00bb box_shadow_color=\u00a0\u00bbgcid-f22ce391-07f1-4ce8-a74b-7c09c799a54e\u00a0\u00bb global_colors_info=\u00a0\u00bb{%22gcid-f22ce391-07f1-4ce8-a74b-7c09c799a54e%22:%91%22background_color%22,%22box_shadow_color%22%93}\u00a0\u00bb][et_pb_column type=\u00a0\u00bb1_4&Prime; _builder_version=\u00a0\u00bb4.19.0&Prime; _module_preset=\u00a0\u00bbdefault\u00a0\u00bb custom_padding=\u00a0\u00bb||60px||false|false\u00a0\u00bb custom_padding_tablet=\u00a0\u00bb||0px||false|false\u00a0\u00bb custom_padding_phone=\u00a0\u00bb||20px||false|false\u00a0\u00bb custom_padding_last_edited=\u00a0\u00bbon|desktop\u00a0\u00bb border_color_all=\u00a0\u00bb#000000&Prime; border_width_bottom=\u00a0\u00bb1px\u00a0\u00bb global_colors_info=\u00a0\u00bb{}\u00a0\u00bb][et_pb_text _builder_version=\u00a0\u00bb4.19.0&Prime; _module_preset=\u00a0\u00bb3e0bd25b-a5ee-4810-9723-2a08e204f901&Prime; header_2_font=\u00a0\u00bbPlayfair Display||||||||\u00a0\u00bb header_2_text_color=\u00a0\u00bbgcid-6f023815-5165-4384-bbdd-f641223c74b4&Prime; header_2_font_size=\u00a0\u00bb75px\u00a0\u00bb header_2_line_height=\u00a0\u00bb1.2em\u00a0\u00bb header_2_font_size_tablet=\u00a0\u00bb40px\u00a0\u00bb header_2_font_size_phone=\u00a0\u00bb24px\u00a0\u00bb header_2_font_size_last_edited=\u00a0\u00bbon|desktop\u00a0\u00bb global_colors_info=\u00a0\u00bb{%22gcid-6f023815-5165-4384-bbdd-f641223c74b4%22:%91%22header_2_text_color%22%93}\u00a0\u00bb]<h2>01<\/h2>[\/et_pb_text][\/et_pb_column][et_pb_column type=\u00a0\u00bb3_4&Prime; _builder_version=\u00a0\u00bb4.19.0&Prime; _module_preset=\u00a0\u00bbdefault\u00a0\u00bb custom_padding=\u00a0\u00bb||60px||false|false\u00a0\u00bb custom_padding_tablet=\u00a0\u00bb30px||30px||false|false\u00a0\u00bb custom_padding_phone=\u00a0\u00bb20px||20px||false|false\u00a0\u00bb custom_padding_last_edited=\u00a0\u00bbon|desktop\u00a0\u00bb border_color_all=\u00a0\u00bb#000000&Prime; border_width_bottom=\u00a0\u00bb1px\u00a0\u00bb global_colors_info=\u00a0\u00bb{}\u00a0\u00bb][et_pb_text _builder_version=\u00a0\u00bb4.21.0&Prime; _module_preset=\u00a0\u00bb4827deed-2a92-4d97-a22f-f01067ae6873&Prime; header_font=\u00a0\u00bb||||||||\u00a0\u00bb header_4_font=\u00a0\u00bbCormorant Garamond|700|||||||\u00a0\u00bb header_4_text_color=\u00a0\u00bb#E65125&Prime; header_4_font_size=\u00a0\u00bb35px\u00a0\u00bb header_4_line_height=\u00a0\u00bb1.5em\u00a0\u00bb custom_margin=\u00a0\u00bb||0px||false|false\u00a0\u00bb hover_enabled=\u00a0\u00bb0&Prime; header_4_font_size_tablet=\u00a0\u00bb18px\u00a0\u00bb header_4_font_size_phone=\u00a0\u00bb16px\u00a0\u00bb header_4_font_size_last_edited=\u00a0\u00bbon|tablet\u00a0\u00bb global_colors_info=\u00a0\u00bb{}\u00a0\u00bb sticky_enabled=\u00a0\u00bb0&Prime;]<h4>OXYRIA<\/h4>[\/et_pb_text][et_pb_text _builder_version=\u00a0\u00bb4.19.0&Prime; _module_preset=\u00a0\u00bb4c43b4b6-66bf-432d-959a-705bda24a650&Prime; text_text_color=\u00a0\u00bb#FFFFFF\u00a0\u00bb text_line_height=\u00a0\u00bb1.6em\u00a0\u00bb header_text_color=\u00a0\u00bb#FFFFFF\u00a0\u00bb custom_padding=\u00a0\u00bb||33px|||\u00a0\u00bb header_font_size_tablet=\u00a0\u00bb55px\u00a0\u00bb header_font_size_last_edited=\u00a0\u00bboff|desktop\u00a0\u00bb locked=\u00a0\u00bboff\u00a0\u00bb global_colors_info=\u00a0\u00bb{}\u00a0\u00bb]<p><strong>D\u00e9couvrez nos r\u00e9alisations en d\u00e9tails :<\/strong><br \/>\u2013 Assistance \u00e0 ma\u00eetrise d\u2019ouvrage (b\u00e2timents, revitalisation d\u2019ilot, voirie),<br \/>\u2013 Planification urbaine (PLU),<br \/>\u2013 Topographie,<br \/>\u2013 Am\u00e9nagements urbains<br \/>\u2013 Dimensionnement des r\u00e9seaux<br \/>\u2013 R\u00e9habilitations de b\u00e2timents<\/p>[\/et_pb_text][et_pb_button button_text=\u00a0\u00bbNos projets\u00a0\u00bb _builder_version=\u00a0\u00bb4.21.0&Prime; _module_preset=\u00a0\u00bbdefault\u00a0\u00bb button_alignment=\u00a0\u00bbright\u00a0\u00bb custom_button=\u00a0\u00bbon\u00a0\u00bb button_text_color=\u00a0\u00bb#E65125&Prime; hover_enabled=\u00a0\u00bb0&Prime; sticky_enabled=\u00a0\u00bb0&Prime; button_url=\u00a0\u00bbhttps:\/\/oxyria.fr\/index.php\/book-oxyria\/\u00a0\u00bb][\/et_pb_button][\/et_pb_column][\/et_pb_row][et_pb_row column_structure=\u00a0\u00bb1_4,3_4&Prime; use_custom_gutter=\u00a0\u00bbon\u00a0\u00bb gutter_width=\u00a0\u00bb1&Prime; make_equal=\u00a0\u00bbon\u00a0\u00bb custom_padding_last_edited=\u00a0\u00bbon|tablet\u00a0\u00bb _builder_version=\u00a0\u00bb4.19.0&Prime; _module_preset=\u00a0\u00bbdefault\u00a0\u00bb background_color=\u00a0\u00bbgcid-f22ce391-07f1-4ce8-a74b-7c09c799a54e\u00a0\u00bb max_width=\u00a0\u00bb700px\u00a0\u00bb custom_margin=\u00a0\u00bb|auto|30px|auto||\u00a0\u00bb custom_padding=\u00a0\u00bb|60px|0px|60px|false|true\u00a0\u00bb custom_padding_tablet=\u00a0\u00bb|30px||30px|false|true\u00a0\u00bb custom_padding_phone=\u00a0\u00bb|20px||20px|false|true\u00a0\u00bb border_color_all=\u00a0\u00bb#000000&Prime; border_width_right=\u00a0\u00bb1px\u00a0\u00bb border_width_left=\u00a0\u00bb1px\u00a0\u00bb box_shadow_style=\u00a0\u00bbpreset4&Prime; box_shadow_horizontal=\u00a0\u00bb0px\u00a0\u00bb box_shadow_vertical=\u00a0\u00bb20px\u00a0\u00bb box_shadow_spread=\u00a0\u00bb20px\u00a0\u00bb box_shadow_color=\u00a0\u00bbgcid-f22ce391-07f1-4ce8-a74b-7c09c799a54e\u00a0\u00bb global_colors_info=\u00a0\u00bb{%22gcid-f22ce391-07f1-4ce8-a74b-7c09c799a54e%22:%91%22background_color%22,%22box_shadow_color%22%93}\u00a0\u00bb][et_pb_column type=\u00a0\u00bb1_4&Prime; _builder_version=\u00a0\u00bb4.19.0&Prime; _module_preset=\u00a0\u00bbdefault\u00a0\u00bb custom_padding=\u00a0\u00bb||60px||false|false\u00a0\u00bb custom_padding_tablet=\u00a0\u00bb||0px||false|false\u00a0\u00bb custom_padding_phone=\u00a0\u00bb||20px||false|false\u00a0\u00bb custom_padding_last_edited=\u00a0\u00bbon|desktop\u00a0\u00bb border_color_all=\u00a0\u00bb#000000&Prime; border_width_bottom=\u00a0\u00bb1px\u00a0\u00bb global_colors_info=\u00a0\u00bb{}\u00a0\u00bb][et_pb_text _builder_version=\u00a0\u00bb4.19.0&Prime; _module_preset=\u00a0\u00bb3e0bd25b-a5ee-4810-9723-2a08e204f901&Prime; header_2_font=\u00a0\u00bbPlayfair Display||||||||\u00a0\u00bb header_2_text_color=\u00a0\u00bbgcid-6f023815-5165-4384-bbdd-f641223c74b4&Prime; header_2_font_size=\u00a0\u00bb75px\u00a0\u00bb header_2_line_height=\u00a0\u00bb1.2em\u00a0\u00bb header_2_font_size_tablet=\u00a0\u00bb40px\u00a0\u00bb header_2_font_size_phone=\u00a0\u00bb24px\u00a0\u00bb header_2_font_size_last_edited=\u00a0\u00bbon|desktop\u00a0\u00bb global_colors_info=\u00a0\u00bb{%22gcid-6f023815-5165-4384-bbdd-f641223c74b4%22:%91%22header_2_text_color%22%93}\u00a0\u00bb]<h2>02<\/h2>[\/et_pb_text][\/et_pb_column][et_pb_column type=\u00a0\u00bb3_4&Prime; _builder_version=\u00a0\u00bb4.19.0&Prime; _module_preset=\u00a0\u00bbdefault\u00a0\u00bb custom_padding=\u00a0\u00bb||60px||false|false\u00a0\u00bb custom_padding_tablet=\u00a0\u00bb30px||30px||false|false\u00a0\u00bb custom_padding_phone=\u00a0\u00bb20px||20px||false|false\u00a0\u00bb custom_padding_last_edited=\u00a0\u00bbon|desktop\u00a0\u00bb border_color_all=\u00a0\u00bb#000000&Prime; border_width_bottom=\u00a0\u00bb1px\u00a0\u00bb global_colors_info=\u00a0\u00bb{}\u00a0\u00bb][et_pb_text _builder_version=\u00a0\u00bb4.21.0&Prime; _module_preset=\u00a0\u00bb4827deed-2a92-4d97-a22f-f01067ae6873&Prime; header_font=\u00a0\u00bbCormorant Garamond||||||||\u00a0\u00bb header_4_font=\u00a0\u00bbCormorant Garamond|700|||||||\u00a0\u00bb header_4_text_color=\u00a0\u00bb#7CDA24&Prime; header_4_font_size=\u00a0\u00bb35px\u00a0\u00bb header_4_line_height=\u00a0\u00bb1.5em\u00a0\u00bb custom_margin=\u00a0\u00bb||0px||false|false\u00a0\u00bb hover_enabled=\u00a0\u00bb0&Prime; header_4_font_size_tablet=\u00a0\u00bb18px\u00a0\u00bb header_4_font_size_phone=\u00a0\u00bb16px\u00a0\u00bb header_4_font_size_last_edited=\u00a0\u00bbon|tablet\u00a0\u00bb global_colors_info=\u00a0\u00bb{}\u00a0\u00bb sticky_enabled=\u00a0\u00bb0&Prime;]<h4>ACTIV<\/h4>[\/et_pb_text][et_pb_text _builder_version=\u00a0\u00bb4.19.0&Prime; _module_preset=\u00a0\u00bb4c43b4b6-66bf-432d-959a-705bda24a650&Prime; text_text_color=\u00a0\u00bb#FFFFFF\u00a0\u00bb text_line_height=\u00a0\u00bb1.6em\u00a0\u00bb custom_padding=\u00a0\u00bb||44px|||\u00a0\u00bb header_font_size_tablet=\u00a0\u00bb55px\u00a0\u00bb header_font_size_last_edited=\u00a0\u00bboff|desktop\u00a0\u00bb locked=\u00a0\u00bboff\u00a0\u00bb global_colors_info=\u00a0\u00bb{}\u00a0\u00bb]<p>Vos projets cl\u00e9s en main : <br \/>Construit des bureaux, commerces, ateliers,<br \/>maisons, immeubles &#8230;<br \/>Viabilise des terrains \u00e0 construire &#8230;<br \/>Valorise les toitures, d\u00e9samiantage, couverture,<br \/>panneaux photovolta\u00efques &#8230;<\/p>[\/et_pb_text][et_pb_button button_text=\u00a0\u00bbNos projets\u00a0\u00bb _builder_version=\u00a0\u00bb4.21.0&Prime; _module_preset=\u00a0\u00bbdefault\u00a0\u00bb button_alignment=\u00a0\u00bbright\u00a0\u00bb custom_button=\u00a0\u00bbon\u00a0\u00bb button_text_color=\u00a0\u00bb#7CDA24&Prime; hover_enabled=\u00a0\u00bb0&Prime; sticky_enabled=\u00a0\u00bb0&Prime; button_url=\u00a0\u00bbhttps:\/\/oxyria.fr\/index.php\/book-activ\/\u00a0\u00bb][\/et_pb_button][\/et_pb_column][\/et_pb_row][\/et_pb_section]\n","protected":false},"excerpt":{"rendered":"<p>Oxyria synergie01OXYRIAD\u00e9couvrez nos r\u00e9alisations en d\u00e9tails :\u2013 Assistance \u00e0 ma\u00eetrise d\u2019ouvrage (b\u00e2timents, revitalisation d\u2019ilot, voirie),\u2013 Planification urbaine (PLU),\u2013 Topographie,\u2013 Am\u00e9nagements urbains\u2013 Dimensionnement des r\u00e9seaux\u2013 R\u00e9habilitations de b\u00e2timents02ACTIVVos projets cl\u00e9s en main : Construit des bureaux, commerces, ateliers,maisons, immeubles &#8230;Viabilise des terrains \u00e0 construire &#8230;Valorise les toitures, d\u00e9samiantage, couverture,panneaux photovolta\u00efques &#8230;<\/p>\n","protected":false},"author":1,"featured_media":0,"parent":0,"menu_order":0,"comment_status":"closed","ping_status":"closed","template":"","meta":{"_et_pb_use_builder":"on","_et_pb_old_content":"","_et_gb_content_width":"","footnotes":""},"class_list":["post-188","page","type-page","status-publish","hentry"],"yoast_head":"<!-- This site is optimized with the Yoast SEO plugin v27.4 - https:\/\/yoast.com\/product\/yoast-seo-wordpress\/ -->\n<title>BOOK ACTIV &amp; OXYRIA - Groupe OXYRIA SYNERGIE<\/title>\n<meta name=\"description\" content=\"D\u00e9couvrez nos r\u00e9alisations en d\u00e9tails, en ma\u00eetrise d&#039;oeuvre, projets cl\u00e9s en main, planification urbaine, topographie, constructions\" \/>\n<meta name=\"robots\" content=\"index, follow, max-snippet:-1, max-image-preview:large, max-video-preview:-1\" \/>\n<link rel=\"canonical\" href=\"https:\/\/oxyria.fr\/index.php\/188-2\/\" \/>\n<meta property=\"og:locale\" content=\"fr_FR\" \/>\n<meta property=\"og:type\" content=\"article\" \/>\n<meta property=\"og:title\" content=\"BOOK ACTIV &amp; OXYRIA - Groupe OXYRIA SYNERGIE\" \/>\n<meta property=\"og:description\" content=\"D\u00e9couvrez nos r\u00e9alisations en d\u00e9tails, en ma\u00eetrise d&#039;oeuvre, projets cl\u00e9s en main, planification urbaine, topographie, constructions\" \/>\n<meta property=\"og:url\" content=\"https:\/\/oxyria.fr\/index.php\/188-2\/\" \/>\n<meta property=\"og:site_name\" content=\"Groupe OXYRIA SYNERGIE\" \/>\n<meta property=\"article:modified_time\" content=\"2026-03-18T07:43:45+00:00\" \/>\n<meta name=\"twitter:card\" content=\"summary_large_image\" \/>\n<meta name=\"twitter:label1\" content=\"Dur\u00e9e de lecture estim\u00e9e\" \/>\n\t<meta name=\"twitter:data1\" content=\"2 minutes\" \/>\n<script type=\"application\/ld+json\" class=\"yoast-schema-graph\">{\"@context\":\"https:\\\/\\\/schema.org\",\"@graph\":[{\"@type\":\"WebPage\",\"@id\":\"https:\\\/\\\/oxyria.fr\\\/index.php\\\/188-2\\\/\",\"url\":\"https:\\\/\\\/oxyria.fr\\\/index.php\\\/188-2\\\/\",\"name\":\"BOOK ACTIV & OXYRIA - Groupe OXYRIA SYNERGIE\",\"isPartOf\":{\"@id\":\"https:\\\/\\\/oxyria.fr\\\/#website\"},\"datePublished\":\"2022-11-17T10:09:27+00:00\",\"dateModified\":\"2026-03-18T07:43:45+00:00\",\"description\":\"D\u00e9couvrez nos r\u00e9alisations en d\u00e9tails, en ma\u00eetrise d'oeuvre, projets cl\u00e9s en main, planification urbaine, topographie, constructions\",\"breadcrumb\":{\"@id\":\"https:\\\/\\\/oxyria.fr\\\/index.php\\\/188-2\\\/#breadcrumb\"},\"inLanguage\":\"fr-FR\",\"potentialAction\":[{\"@type\":\"ReadAction\",\"target\":[\"https:\\\/\\\/oxyria.fr\\\/index.php\\\/188-2\\\/\"]}]},{\"@type\":\"BreadcrumbList\",\"@id\":\"https:\\\/\\\/oxyria.fr\\\/index.php\\\/188-2\\\/#breadcrumb\",\"itemListElement\":[{\"@type\":\"ListItem\",\"position\":1,\"name\":\"Accueil\",\"item\":\"https:\\\/\\\/oxyria.fr\\\/\"},{\"@type\":\"ListItem\",\"position\":2,\"name\":\"BOOK ACTIV &#038; OXYRIA\"}]},{\"@type\":\"WebSite\",\"@id\":\"https:\\\/\\\/oxyria.fr\\\/#website\",\"url\":\"https:\\\/\\\/oxyria.fr\\\/\",\"name\":\"Groupe OXYRIA SYNERGIE\",\"description\":\"OXYRIA SYNERGIE votre groupe d&#039;ing\u00e9nierie\",\"potentialAction\":[{\"@type\":\"SearchAction\",\"target\":{\"@type\":\"EntryPoint\",\"urlTemplate\":\"https:\\\/\\\/oxyria.fr\\\/?s={search_term_string}\"},\"query-input\":{\"@type\":\"PropertyValueSpecification\",\"valueRequired\":true,\"valueName\":\"search_term_string\"}}],\"inLanguage\":\"fr-FR\"}]}<\/script>\n<!-- \/ Yoast SEO plugin. -->","yoast_head_json":{"title":"BOOK ACTIV & OXYRIA - Groupe OXYRIA SYNERGIE","description":"D\u00e9couvrez nos r\u00e9alisations en d\u00e9tails, en ma\u00eetrise d'oeuvre, projets cl\u00e9s en main, planification urbaine, topographie, constructions","robots":{"index":"index","follow":"follow","max-snippet":"max-snippet:-1","max-image-preview":"max-image-preview:large","max-video-preview":"max-video-preview:-1"},"canonical":"https:\/\/oxyria.fr\/index.php\/188-2\/","og_locale":"fr_FR","og_type":"article","og_title":"BOOK ACTIV & OXYRIA - Groupe OXYRIA SYNERGIE","og_description":"D\u00e9couvrez nos r\u00e9alisations en d\u00e9tails, en ma\u00eetrise d'oeuvre, projets cl\u00e9s en main, planification urbaine, topographie, constructions","og_url":"https:\/\/oxyria.fr\/index.php\/188-2\/","og_site_name":"Groupe OXYRIA SYNERGIE","article_modified_time":"2026-03-18T07:43:45+00:00","twitter_card":"summary_large_image","twitter_misc":{"Dur\u00e9e de lecture estim\u00e9e":"2 minutes"},"schema":{"@context":"https:\/\/schema.org","@graph":[{"@type":"WebPage","@id":"https:\/\/oxyria.fr\/index.php\/188-2\/","url":"https:\/\/oxyria.fr\/index.php\/188-2\/","name":"BOOK ACTIV & OXYRIA - Groupe OXYRIA SYNERGIE","isPartOf":{"@id":"https:\/\/oxyria.fr\/#website"},"datePublished":"2022-11-17T10:09:27+00:00","dateModified":"2026-03-18T07:43:45+00:00","description":"D\u00e9couvrez nos r\u00e9alisations en d\u00e9tails, en ma\u00eetrise d'oeuvre, projets cl\u00e9s en main, planification urbaine, topographie, constructions","breadcrumb":{"@id":"https:\/\/oxyria.fr\/index.php\/188-2\/#breadcrumb"},"inLanguage":"fr-FR","potentialAction":[{"@type":"ReadAction","target":["https:\/\/oxyria.fr\/index.php\/188-2\/"]}]},{"@type":"BreadcrumbList","@id":"https:\/\/oxyria.fr\/index.php\/188-2\/#breadcrumb","itemListElement":[{"@type":"ListItem","position":1,"name":"Accueil","item":"https:\/\/oxyria.fr\/"},{"@type":"ListItem","position":2,"name":"BOOK ACTIV &#038; OXYRIA"}]},{"@type":"WebSite","@id":"https:\/\/oxyria.fr\/#website","url":"https:\/\/oxyria.fr\/","name":"Groupe OXYRIA SYNERGIE","description":"OXYRIA SYNERGIE votre groupe d&#039;ing\u00e9nierie","potentialAction":[{"@type":"SearchAction","target":{"@type":"EntryPoint","urlTemplate":"https:\/\/oxyria.fr\/?s={search_term_string}"},"query-input":{"@type":"PropertyValueSpecification","valueRequired":true,"valueName":"search_term_string"}}],"inLanguage":"fr-FR"}]}},"_links":{"self":[{"href":"https:\/\/oxyria.fr\/index.php\/wp-json\/wp\/v2\/pages\/188","targetHints":{"allow":["GET"]}}],"collection":[{"href":"https:\/\/oxyria.fr\/index.php\/wp-json\/wp\/v2\/pages"}],"about":[{"href":"https:\/\/oxyria.fr\/index.php\/wp-json\/wp\/v2\/types\/page"}],"author":[{"embeddable":true,"href":"https:\/\/oxyria.fr\/index.php\/wp-json\/wp\/v2\/users\/1"}],"replies":[{"embeddable":true,"href":"https:\/\/oxyria.fr\/index.php\/wp-json\/wp\/v2\/comments?post=188"}],"version-history":[{"count":24,"href":"https:\/\/oxyria.fr\/index.php\/wp-json\/wp\/v2\/pages\/188\/revisions"}],"predecessor-version":[{"id":2662,"href":"https:\/\/oxyria.fr\/index.php\/wp-json\/wp\/v2\/pages\/188\/revisions\/2662"}],"wp:attachment":[{"href":"https:\/\/oxyria.fr\/index.php\/wp-json\/wp\/v2\/media?parent=188"}],"curies":[{"name":"wp","href":"https:\/\/api.w.org\/{rel}","templated":true}]}}